{"id":477,"date":"2022-09-23T12:33:19","date_gmt":"2022-09-23T12:33:19","guid":{"rendered":"http:\/\/18.185.193.11\/?page_id=477"},"modified":"2025-02-05T17:12:13","modified_gmt":"2025-02-05T16:12:13","slug":"creators","status":"publish","type":"page","link":"https:\/\/www.copyrightcapital.com\/es\/creadores\/","title":{"rendered":"Creadores"},"content":{"rendered":"[vc_row type=\u00bbfull_width_background\u00bb full_screen_row_position=\u00bbmiddle\u00bb column_margin=\u00bbdefault\u00bb equal_height=\u00bbyes\u00bb content_placement=\u00bbmiddle\u00bb column_direction=\u00bbdefault\u00bb column_direction_tablet=\u00bbdefault\u00bb column_direction_phone=\u00bbdefault\u00bb video_bg=\u00bbuse_video\u00bb video_mp4=\u00bbhttps:\/\/www.copyrightcapital.com\/wp-content\/uploads\/2022\/09\/MDhj.mp4&#8243; background_video_loading=\u00bbdefault\u00bb scene_position=\u00bbcenter\u00bb top_padding=\u00bb4%\u00bb bottom_padding=\u00bb3%\u00bb text_color=\u00bblight\u00bb text_align=\u00bbleft\u00bb row_border_radius=\u00bbnone\u00bb row_border_radius_applies=\u00bbbg\u00bb overflow=\u00bbvisible\u00bb id=\u00bbsteps\u00bb row_name=\u00bbSign Up Steps\u00bb enable_gradient=\u00bbtrue\u00bb color_overlay=\u00bb#161cc9&#8243; color_overlay_2=\u00bb#1c60ff\u00bb overlay_strength=\u00bb0.8&#8243; gradient_direction=\u00bbtop_to_bottom\u00bb shape_divider_position=\u00bbbottom\u00bb shape_divider_height=\u00bb200&#8243; bg_image_animation=\u00bbnone\u00bb parallax_bg=\u00bbtrue\u00bb parallax_bg_speed=\u00bbfast\u00bb shape_type=\u00bbtilt_alt\u00bb gradient_type=\u00bbdefault\u00bb][vc_column column_padding=\u00bbpadding-2-percent\u00bb column_padding_tablet=\u00bbinherit\u00bb column_padding_phone=\u00bbinherit\u00bb column_padding_position=\u00bbtop-bottom\u00bb column_element_direction_desktop=\u00bbdefault\u00bb column_element_spacing=\u00bbdefault\u00bb desktop_text_alignment=\u00bbdefault\u00bb tablet_text_alignment=\u00bbdefault\u00bb phone_text_alignment=\u00bbdefault\u00bb background_color_opacity=\u00bb1&#8243; background_hover_color_opacity=\u00bb1&#8243; column_backdrop_filter=\u00bbnone\u00bb column_shadow=\u00bbnone\u00bb column_border_radius=\u00bbnone\u00bb column_link_target=\u00bb_self\u00bb column_position=\u00bbdefault\u00bb gradient_direction=\u00bbleft_to_right\u00bb overlay_strength=\u00bb0.3&#8243; width=\u00bb1\/1&#8243; tablet_width_inherit=\u00bbdefault\u00bb animation_type=\u00bbdefault\u00bb bg_image_animation=\u00bbnone\u00bb border_type=\u00bbsimple\u00bb column_border_width=\u00bbnone\u00bb column_border_style=\u00bbsolid\u00bb offset=\u00bbvc_col-xs-12&#8243;][vc_row_inner equal_height=\u00bbyes\u00bb content_placement=\u00bbmiddle\u00bb column_margin=\u00bbdefault\u00bb column_direction=\u00bbdefault\u00bb column_direction_tablet=\u00bbdefault\u00bb column_direction_phone=\u00bbdefault\u00bb bottom_padding=\u00bb2%\u00bb text_align=\u00bbleft\u00bb row_position=\u00bbdefault\u00bb row_position_tablet=\u00bbinherit\u00bb row_position_phone=\u00bbinherit\u00bb overflow=\u00bbvisible\u00bb pointer_events=\u00bball\u00bb][vc_column_inner column_padding=\u00bbno-extra-padding\u00bb column_padding_tablet=\u00bbinherit\u00bb column_padding_phone=\u00bbinherit\u00bb column_padding_position=\u00bball\u00bb column_element_direction_desktop=\u00bbdefault\u00bb column_element_spacing=\u00bbdefault\u00bb desktop_text_alignment=\u00bbdefault\u00bb tablet_text_alignment=\u00bbdefault\u00bb phone_text_alignment=\u00bbdefault\u00bb background_color_opacity=\u00bb1&#8243; background_hover_color_opacity=\u00bb1&#8243; column_backdrop_filter=\u00bbnone\u00bb column_shadow=\u00bbnone\u00bb column_border_radius=\u00bbnone\u00bb column_link_target=\u00bb_self\u00bb overflow=\u00bbvisible\u00bb gradient_direction=\u00bbleft_to_right\u00bb overlay_strength=\u00bb0.3&#8243; width=\u00bb1\/1&#8243; tablet_width_inherit=\u00bbdefault\u00bb animation_type=\u00bbdefault\u00bb bg_image_animation=\u00bbnone\u00bb border_type=\u00bbsimple\u00bb column_border_width=\u00bbnone\u00bb column_border_style=\u00bbsolid\u00bb][nectar_highlighted_text text_color=\u00bb#ffffff\u00bb style=\u00bbtext_outline\u00bb outline_thickness=\u00bbregular\u00bb]\n<h1><span style=\"color: #ffffff;\"><em>Creadores<\/em> Empoderados!<\/span><\/h1>\n[\/nectar_highlighted_text][\/vc_column_inner][\/vc_row_inner][nectar_icon_list color=\u00bbdefault\u00bb direction=\u00bbhorizontal\u00bb columns=\u00bbdefault\u00bb icon_size=\u00bbmedium\u00bb icon_style=\u00bbno-border\u00bb][nectar_icon_list_item icon_type=\u00bbicon\u00bb text_full_html=\u00bbsimple\u00bb title=\u00bbList Item\u00bb id=\u00bb1664197294042-8&#8243; header=\u00bbGrow\u00bb text=\u00bbAccess to capital and top business strategists to take your game to the next level!\u00bb tab_id=\u00bb1664197294042-4&#8243; icon_fontawesome=\u00bbfa fa-line-chart\u00bb][\/nectar_icon_list_item][nectar_icon_list_item icon_type=\u00bbicon\u00bb text_full_html=\u00bbsimple\u00bb title=\u00bbList Item\u00bb id=\u00bb1664197294057-4&#8243; header=\u00bbCash Out\u00bb text=\u00bbAlgorithm changes? Platform risks? Let\u2019s lower your risk together\u00bb tab_id=\u00bb1664197294058-0&#8243; icon_fontawesome=\u00bbfa fa-area-chart\u00bb][\/nectar_icon_list_item][nectar_icon_list_item icon_type=\u00bbicon\u00bb text_full_html=\u00bbsimple\u00bb title=\u00bbList Item\u00bb id=\u00bb1664197294062-1&#8243; header=\u00bbLive Up\u00bb text=\u00bbThere is no limit on what businesses use the money for\u00bb tab_id=\u00bb1664197294063-7&#8243; icon_fontawesome=\u00bbfa fa-rocket\u00bb][\/nectar_icon_list_item][nectar_icon_list_item icon_type=\u00bbicon\u00bb text_full_html=\u00bbsimple\u00bb title=\u00bbList Item\u00bb id=\u00bb1664197294067-7&#8243; header=\u00bbDiversify\u00bb text=\u00bbTeam up with the best to diversify and grow in other verticals. Dare to dream bigger\u00bb tab_id=\u00bb1664197294067-2&#8243; icon_fontawesome=\u00bbfa fa-eye\u00bb][\/nectar_icon_list_item][nectar_icon_list_item icon_type=\u00bbicon\u00bb text_full_html=\u00bbsimple\u00bb title=\u00bbList Item\u00bb id=\u00bb1664197294074-1&#8243; header=\u00bbNow\u00bb text=\u00bbSeize the opportunity of when you are at the top of your game today\u00bb tab_id=\u00bb1664197294075-8&#8243; icon_fontawesome=\u00bbfa fa-star\u00bb][\/nectar_icon_list_item][nectar_icon_list_item icon_type=\u00bbicon\u00bb text_full_html=\u00bbsimple\u00bb title=\u00bbList Item\u00bb id=\u00bb1664197294080-4&#8243; header=\u00bbPersonalized\u00bb text=\u00bbNo to \u00abone-size-fits none\u00ab approaches. Our solutions are tailored to each Creators\u2019 revenue profile and needs\u00bb tab_id=\u00bb1664197294080-9&#8243; icon_fontawesome=\u00bbfa fa-cogs\u00bb][\/nectar_icon_list_item][\/nectar_icon_list][\/vc_column][\/vc_row][vc_row type=\u00bbfull_width_background\u00bb full_screen_row_position=\u00bbmiddle\u00bb column_margin=\u00bbdefault\u00bb equal_height=\u00bbyes\u00bb content_placement=\u00bbmiddle\u00bb column_direction=\u00bbdefault\u00bb column_direction_tablet=\u00bbdefault\u00bb column_direction_phone=\u00bbdefault\u00bb bg_image=\u00bb490&#8243; bg_position=\u00bbcenter center\u00bb background_image_loading=\u00bbdefault\u00bb bg_repeat=\u00bbno-repeat\u00bb scene_position=\u00bbcenter\u00bb top_padding=\u00bb6%\u00bb bottom_padding=\u00bb3%\u00bb text_color=\u00bblight\u00bb text_align=\u00bbleft\u00bb row_border_radius=\u00bbnone\u00bb row_border_radius_applies=\u00bbbg\u00bb overflow=\u00bbvisible\u00bb id=\u00bbsteps\u00bb row_name=\u00bbSign Up Steps\u00bb color_overlay=\u00bb#0a0a0a\u00bb overlay_strength=\u00bb0.8&#8243; gradient_direction=\u00bbleft_to_right\u00bb shape_divider_position=\u00bbbottom\u00bb bg_image_animation=\u00bbnone\u00bb parallax_bg=\u00bbtrue\u00bb parallax_bg_speed=\u00bbfast\u00bb shape_type=\u00bb\u00bb gradient_type=\u00bbdefault\u00bb][vc_column column_padding=\u00bbpadding-2-percent\u00bb column_padding_tablet=\u00bbinherit\u00bb column_padding_phone=\u00bbinherit\u00bb column_padding_position=\u00bbtop-bottom\u00bb column_element_direction_desktop=\u00bbdefault\u00bb column_element_spacing=\u00bbdefault\u00bb desktop_text_alignment=\u00bbdefault\u00bb tablet_text_alignment=\u00bbdefault\u00bb phone_text_alignment=\u00bbdefault\u00bb background_color_opacity=\u00bb1&#8243; background_hover_color_opacity=\u00bb1&#8243; column_backdrop_filter=\u00bbnone\u00bb column_shadow=\u00bbnone\u00bb column_border_radius=\u00bbnone\u00bb column_link_target=\u00bb_self\u00bb column_position=\u00bbdefault\u00bb gradient_direction=\u00bbleft_to_right\u00bb overlay_strength=\u00bb0.3&#8243; width=\u00bb1\/1&#8243; tablet_width_inherit=\u00bbdefault\u00bb animation_type=\u00bbdefault\u00bb bg_image_animation=\u00bbnone\u00bb border_type=\u00bbsimple\u00bb column_border_width=\u00bbnone\u00bb column_border_style=\u00bbsolid\u00bb offset=\u00bbvc_col-xs-12&#8243;][vc_row_inner equal_height=\u00bbyes\u00bb content_placement=\u00bbmiddle\u00bb column_margin=\u00bbdefault\u00bb column_direction=\u00bbdefault\u00bb column_direction_tablet=\u00bbdefault\u00bb column_direction_phone=\u00bbdefault\u00bb bottom_padding=\u00bb3%\u00bb text_align=\u00bbleft\u00bb row_position=\u00bbdefault\u00bb row_position_tablet=\u00bbinherit\u00bb row_position_phone=\u00bbinherit\u00bb overflow=\u00bbvisible\u00bb pointer_events=\u00bball\u00bb][vc_column_inner column_padding=\u00bbno-extra-padding\u00bb column_padding_tablet=\u00bbinherit\u00bb column_padding_phone=\u00bbinherit\u00bb column_padding_position=\u00bball\u00bb column_element_direction_desktop=\u00bbdefault\u00bb column_element_spacing=\u00bbdefault\u00bb desktop_text_alignment=\u00bbdefault\u00bb tablet_text_alignment=\u00bbdefault\u00bb phone_text_alignment=\u00bbdefault\u00bb background_color_opacity=\u00bb1&#8243; background_hover_color_opacity=\u00bb1&#8243; column_backdrop_filter=\u00bbnone\u00bb column_shadow=\u00bbnone\u00bb column_border_radius=\u00bbnone\u00bb column_link_target=\u00bb_self\u00bb overflow=\u00bbvisible\u00bb gradient_direction=\u00bbleft_to_right\u00bb overlay_strength=\u00bb0.3&#8243; width=\u00bb1\/2&#8243; tablet_width_inherit=\u00bbdefault\u00bb animation_type=\u00bbdefault\u00bb bg_image_animation=\u00bbnone\u00bb border_type=\u00bbsimple\u00bb column_border_width=\u00bbnone\u00bb column_border_style=\u00bbsolid\u00bb][vc_custom_heading text=\u00bbTienes lo que se necesita?\u00bb font_container=\u00bbtag:h2|text_align:left|color:rgba(255%2C255%2C255%2C0.78)\u00bb use_theme_fonts=\u00bbyes\u00bb css=\u00bb.vc_custom_1663961656048{margin-bottom: 10px !important;}\u00bb][nectar_highlighted_text color_type=\u00bbregular\u00bb style=\u00bbfull_text\u00bb resaltado_expansion=\u00bbdefault\u00bb]\n<h1 id=\"sp-x6wr7y\" class=\"sp-css-target sp-el-block sp-headline-block-x6wr7y sp-type-header\">Elegibilidad<\/h1>\n[\/nectar_highlighted_text][\/vc_column_inner][vc_column_inner column_padding=\u00bbsin-extra-padding\u00bb column_padding_tablet=\u00bbheredar\u00bb column_padding_phone=\u00bbheredar\u00bb column_padding_position=\u00bball\u00bb column_element_direction_desktop=\u00bbdefault\u00bb column_element_spacing=\u00bbdefault\u00bb desktop_text_alignment=\u00bb default\u00bb tablet_text_alignment=\u00bbdefault\u00bb phone_text_alignment=\u00bbdefault\u00bb background_color_opacity=\u00bb1&#8243; background_hover_color_opacity=\u00bb1&#8243; column_backdrop_filter=\u00bbnone\u00bb column_shadow=\u00bbnone\u00bb column_border_radius=\u00bbnone\u00bb column_link_target=\u00bb_self\u00bb overflow=\u00bbvisible\u00bb gradient_direction=\u00bb left_to_right\u00bb overlay_strength=\u00bb0.3&#8243; width=\u00bb1\/2&#8243; tablet_width_inherit=\u00bbdefault\u00bb Animation_type=\u00bbdefault\u00bb bg_image_animation=\u00bbnone\u00bb border_type=\u00bbsimple\u00bb column_border_width=\u00bbnone\u00bb column_border_style=\u00bbsolid\u00bb][\/vc_column_inner][\/vc_row_inner][nectar_icon_list color=\u00bbdefault\u00bb direction=\u00bbhorizontal\u00bb columns=\u00bb2&#8243; icon_size=\u00bbmedium\u00bb icon_style=\u00bbno-border\u00bb][nectar_icon_list_item icon_type=\u00bbicon\u00bb text_full_html=\u00bbsimple\u00bb title=\u00bbElemento de lista \u00bb id=\u00bb1664197294149-5&#8243; header=\u00bbTop 1%\u00bb text=\u00bbSi bien somos flexibles y no somos r\u00edgidos en nuestro enfoque, trabajamos solo con los mejores. Una regla general para los creadores es estar en el 1% superior de su plataforma y contenido. pa\u00eds\u00bb tab_id=\u00bb1664197294150-7&#8243; icon_fontawesome=\u00bbfa fa-handshake-o\u00bb][\/nectar_icon_list_item][nectar_icon_list_item icon_type=\u00bbicon\u00bb text_full_html=\u00bbsimple\u00bb title=\u00bbElemento de lista\u00bb id=\u00bb1664197294157-10&#8243; encabezado =\u00bbCualquier formato creativo\u00bb text=\u00bbEstamos interesados siempre que su formato tenga derechos de autor. Ya sean v\u00eddeos (pel\u00edculas, series, contenido generado por el usuario en formato largo y corto), im\u00e1genes (fotos, ilustraciones), audio (m\u00fasica, sonidos, podcasts, audiolibros) y textos (boletines, libros electr\u00f3nicos)\u00bb tab_id=\u00bb 1664197294157-2&#8243; icon_fontawesome=\u00bbfa fa-shield\u00bb][\/nectar_icon_list_item][nectar_icon_list_item icon_type=\u00bbicon\u00bb text_full_html=\u00bbsimple\u00bb title=\u00bbElemento de lista\u00bb id=\u00bb1664197294162-7&#8243; header=\u00bbCualquier plataforma principal\u00bb text =\u00bbEstamos aqu\u00ed para ayudarlo ya sea que su audiencia principal est\u00e9 en YouTube, TikTok, Instagram, Facebook, Spotify, Twitch, Audible, Substack o cualquier otra plataforma importante\u00bb tab_id=\u00bb1664197294162-7&#8243; icon_fontawesome=\u00bbfa fa-linode\u00bb ][\/nectar_icon_list_item][nectar_icon_list_item icon_type=\u00bbicon\u00bb text_full_html=\u00bbsimple\u00bb title=\u00bbList Item\u00bb id=\u00bb1664197294170-10&#8243; header=\u00bbGlobal\u00bb text=\u00bbCreemos firmemente que cualquier creador talentoso debe tener acceso a capital y por lo tanto, estamos felices de trabajar con creadores de cualquier geograf\u00eda\u00bb tab_id=\u00bb1664197294170-2&#8243; icon_fontawesome=\u00bbfa fa-globo\u00bb][\/nectar_icon_list_item][\/nectar_icon_list][\/vc_column][\/vc_row][vc_row type=\u00bbfull_width_content\u00bb full_screen_row_position=\u00bbmiddle\u00bb column_margin=\u00bbdefault\u00bb column_direction=\u00bbdefault\u00bb column_direction_tablet=\u00bbdefault\u00bb column_direction_phone=\u00bbdefault \u00bb scene_position=\u00bbcenter\u00bb text_color=\u00bbdark\u00bb text_align=\u00bbleft\u00bb row_border_radius=\u00bbnone\u00bb row_border_radius_applies=\u00bbbg\u00bb overflow=\u00bbvisible\u00bb overlay_strength=\u00bb0.3&#8243; gradient_direction=\u00bbleft_to_right\u00bb shape_divider_position=\u00bbbottom\u00bb bg_image_animation=\u00bbnone \u00bb gradient_type=\u00bbdefault\u00bb shape_type=\u00bb\u00bb][vc_column column_padding=\u00bbsin-extra-padding\u00bb column_padding_tablet=\u00bbheredar\u00bb column_padding_phone=\u00bbheredar\u00bb column_padding_position=\u00bball\u00bb column_element_direction_desktop=\u00bbdefault\u00bb column_element_spacing=\u00bbdefault\u00bb desktop_text_alignment=\u00bbdefault \u00bb tablet_text_alignment=\u00bb default \u00bb phone_text_alignment=\u00bb default \u00bb background_color_opacity=\u00bb1&#8243; background_hover_color_opacity=\u00bb1&#8243; column_backdrop_filter=\u00bbninguno\u00bb column_shadow=\u00bbninguno\u00bb column_border_radius=\u00bbninguno\u00bb column_link_target=\u00bb_self\u00bb column_position=\u00bb default \u00bb gradient_direction=\u00bb left_to_right\u00bb overlay_strength=\u00bb0.3&#8243; width=\u00bb1\/1&#8243; tablet_width_inherit=\u00bbdefault\u00bb Animation_type=\u00bbdefault\u00bb bg_image_animation=\u00bbnone\u00bb border_type=\u00bbsimple\u00bb column_border_width=\u00bbnone\u00bb column_border_style=\u00bbsolid\u00bb][image_with_animation image_url=\u00bb 177&#8243; image_size=\u00bbfull\u00bb Animation_type=\u00bbentrada\u00bb animaci\u00f3n=\u00bbNinguno\u00bb Animation_movement_type=\u00bbtransform_y\u00bb hover_animation=\u00bbnone\u00bb alineamiento=\u00bbright\u00bb border_radius=\u00bbnone\u00bb box_shadow=\u00bbnone\u00bb image_loading=\u00bbdefault\u00bb max_width=\u00bb 100%\u00bb max_width_mobile=\u00bb200%\u00bb][\/vc_column][\/vc_row][vc_row type=\u00bbin_container\u00bb full_screen_row_position=\u00bbmiddle\u00bb column_margin=\u00bbdefault\u00bb column_direction=\u00bbdefault\u00bb column_direction_tablet=\u00bbdefault\u00bb column_direction_phone=\u00bbdefault\u00bb scene_position=\u00bbcenter\u00bb top_padding=\u00bb2%\u00bb text_color=\u00bbdark\u00bb text_align=\u00bbleft\u00bb row_border_radius=\u00bbnone\u00bb row_border_radius_applies=\u00bbbg\u00bb overflow=\u00bbvisible\u00bb overlay_strength=\u00bb0.3&#8243; gradient_direction=\u00bbleft_to_right\u00bb shape_divider_position=\u00bbbottom \u00bb bg_image_animation=\u00bbnone\u00bb gradient_type=\u00bb default \u00bb shape_type=\u00bb\u00bb][vc_column column_padding=\u00bbsin-extra-padding\u00bb column_padding_tablet=\u00bbheredar\u00bb column_padding_phone=\u00bbheredar\u00bb column_padding_position=\u00bbtodos\u00bb column_element_direction_desktop=\u00bb default \u00bb column_element_spacing=\u00bb default \u00bb desktop_text_alignment=\u00bb default \u00bb tablet_text_alignment=\u00bb default \u00bb phone_text_alignment=\u00bb default \u00bb background_color_opacity=\u00bb1&#8243; background_hover_color_opacity=\u00bb1&#8243; column_backdrop_filter=\u00bbninguno\u00bb column_shadow=\u00bbninguno\u00bb column_border_radius=\u00bbninguno\u00bb column_link_target=\u00bb_self\u00bb column_position=\u00bb default\u00bb gradient_direction=\u00bbleft_to_right\u00bb overlay_strength=\u00bb0.3&#8243; width=\u00bb1\/1&#8243; tablet_width_inherit=\u00bbdefault\u00bb Animation_type=\u00bbdefault\u00bb bg_image_animation=\u00bbnone\u00bb border_type=\u00bbsimple\u00bb column_border_width=\u00bbnone\u00bb column_border_style=\u00bbs\u00f3lido\u00bb] [nectar_highlighted_text text_color=\u00bb#000000&#8243; style=\u00bbtext_outline\u00bb esquema_thickness=\u00bbregular\u00bb]\n<h1 style=\"text-align: center;\">Listo Para Empezar?<\/h1>\n[\/nectar_highlighted_text][\/vc_column][\/vc_row][vc_row type=\u00bbin_container\u00bb full_screen_row_position=\u00bbmiddle\u00bb column_margin=\u00bbdefault\u00bb column_direction=\u00bbdefault\u00bb column_direction_tablet=\u00bbdefault\u00bb column_direction_phone=\u00bbdefault\u00bb scene_position=\u00bbcenter\u00bb text_color=\u00bbdark\u00bb text_align=\u00bbleft\u00bb row_border_radius=\u00bbnone\u00bb row_border_radius_applies=\u00bbbg\u00bb overflow=\u00bbvisible\u00bb overlay_strength=\u00bb0.3&#8243; gradient_direction=\u00bbleft_to_right\u00bb shape_divider_position=\u00bbbottom\u00bb bg_image_animation=\u00bbnone\u00bb gradient_type=\u00bbdefault\u00bb shape_type=\u00bb\u00bb][vc_column column_padding=\u00bbno-extra-padding\u00bb column_padding_tablet=\u00bbinherit\u00bb column_padding_phone=\u00bbinherit\u00bb column_padding_position=\u00bball\u00bb column_element_direction_desktop=\u00bbdefault\u00bb column_element_spacing=\u00bbdefault\u00bb desktop_text_alignment=\u00bbdefault\u00bb tablet_text_alignment=\u00bbdefault\u00bb phone_text_alignment=\u00bbdefault\u00bb background_color_opacity=\u00bb1&#8243; background_hover_color_opacity=\u00bb1&#8243; column_backdrop_filter=\u00bbnone\u00bb column_shadow=\u00bbnone\u00bb column_border_radius=\u00bbnone\u00bb column_link_target=\u00bb_self\u00bb column_position=\u00bbdefault\u00bb gradient_direction=\u00bbleft_to_right\u00bb overlay_strength=\u00bb0.3&#8243; width=\u00bb1\/4&#8243; tablet_width_inherit=\u00bbdefault\u00bb animation_type=\u00bbdefault\u00bb bg_image_animation=\u00bbnone\u00bb border_type=\u00bbsimple\u00bb column_border_width=\u00bbnone\u00bb column_border_style=\u00bbsolid\u00bb][\/vc_column][vc_column column_padding=\u00bbno-extra-padding\u00bb column_padding_tablet=\u00bbinherit\u00bb column_padding_phone=\u00bbinherit\u00bb column_padding_position=\u00bball\u00bb column_element_direction_desktop=\u00bbdefault\u00bb column_element_spacing=\u00bbdefault\u00bb centered_text=\u00bbtrue\u00bb desktop_text_alignment=\u00bbdefault\u00bb tablet_text_alignment=\u00bbdefault\u00bb phone_text_alignment=\u00bbdefault\u00bb background_color_opacity=\u00bb1&#8243; background_hover_color_opacity=\u00bb1&#8243; column_backdrop_filter=\u00bbnone\u00bb column_shadow=\u00bbnone\u00bb column_border_radius=\u00bbnone\u00bb column_link_target=\u00bb_self\u00bb column_position=\u00bbdefault\u00bb gradient_direction=\u00bbleft_to_right\u00bb overlay_strength=\u00bb0.3&#8243; width=\u00bb1\/4&#8243; tablet_width_inherit=\u00bbdefault\u00bb animation_type=\u00bbdefault\u00bb bg_image_animation=\u00bbnone\u00bb border_type=\u00bbsimple\u00bb column_border_width=\u00bbnone\u00bb column_border_style=\u00bbsolid\u00bb column_padding_type=\u00bbdefault\u00bb gradient_type=\u00bbdefault\u00bb][nectar_btn size=\u00bblarge\u00bb button_style=\u00bbsee-through-2&#8243; color_override=\u00bb#1c60ff\u00bb hover_text_color_override=\u00bb#ffffff\u00bb icon_family=\u00bbnone\u00bb text=\u00bbEmparejar canal de YouTube\u00bb url=\u00bbhttps:\/\/www.copyrightcapital.com\/youtube-catalog -licensing\/\u00bb][\/vc_column][vc_column column_padding=\u00bbsin-extra-padding\u00bb column_padding_tablet=\u00bbheredar\u00bb column_padding_phone=\u00bbheredar\u00bb column_padding_position=\u00bball\u00bb column_element_direction_desktop=\u00bbdefault\u00bb column_element_spacing=\u00bbdefault\u00bb centered_text=\u00bbtrue\u00bb desktop_text_alignment=\u00bb default \u00bb tablet_text_alignment=\u00bb default \u00bb phone_text_alignment=\u00bb default \u00bb background_color_opacity=\u00bb1&#8243; background_hover_color_opacity=\u00bb1&#8243; column_backdrop_filter=\u00bbninguno\u00bb column_shadow=\u00bbninguno\u00bb column_border_radius=\u00bbninguno\u00bb column_link_target=\u00bb_self\u00bb column_position=\u00bb default \u00bb gradient_direction=\u00bbleft_to_right\u00bb overlay_strength=\u00bb0.3&#8243; width=\u00bb1\/4&#8243; tablet_width_inherit=\u00bbdefault\u00bb Animation_type=\u00bbdefault\u00bb bg_image_animation=\u00bbnone\u00bb border_type=\u00bbsimple\u00bb column_border_width=\u00bbnone\u00bb column_border_style=\u00bbs\u00f3lido\u00bb column_padding_type=\u00bb default\u00bb gradient_type=\u00bbdefault\u00bb][nectar_btn size=\u00bblarge\u00bb button_style=\u00bbsee-through-2&#8243; color_override=\u00bb#1c60ff\u00bb hover_text_color_override=\u00bb#ffffff\u00bb icon_family=\u00bbnone\u00bb text=\u00bbCont\u00e1ctenos ahora\u00bb url=\u00bbhttps:\/\/www.copyrightcapital.com\/creator-contact-us\/\u00bb][\/vc_column][vc_column column_padding=\u00bbno-extra-padding\u00bb column_padding_tablet=\u00bbinherit\u00bb column_padding_phone=\u00bbinherit\u00bb column_padding_position=\u00bball\u00bb column_element_direction_desktop=\u00bbdefault\u00bb column_element_spacing=\u00bbdefault\u00bb desktop_text_alignment=\u00bbdefault\u00bb tablet_text_alignment=\u00bbdefault\u00bb phone_text_alignment=\u00bbdefault\u00bb background_color_opacity=\u00bb1&#8243; background_hover_color_opacity=\u00bb1&#8243; column_backdrop_filter=\u00bbnone\u00bb column_shadow=\u00bbnone\u00bb column_border_radius=\u00bbnone\u00bb column_link_target=\u00bb_self\u00bb column_position=\u00bbdefault\u00bb gradient_direction=\u00bbleft_to_right\u00bb overlay_strength=\u00bb0.3&#8243; width=\u00bb1\/4&#8243; tablet_width_inherit=\u00bbdefault\u00bb animation_type=\u00bbdefault\u00bb bg_image_animation=\u00bbnone\u00bb border_type=\u00bbsimple\u00bb column_border_width=\u00bbnone\u00bb column_border_style=\u00bbsolid\u00bb][\/vc_column][\/vc_row]\n","protected":false},"excerpt":{"rendered":"<p>[vc_row type=\u00bbfull_width_background\u00bb full_screen_row_position=\u00bbmiddle\u00bb column_margin=\u00bbdefault\u00bb equal_height=\u00bbyes\u00bb content_placement=\u00bbmiddle\u00bb column_direction=\u00bbdefault\u00bb column_direction_tablet=\u00bbdefault\u00bb column_direction_phone=\u00bbdefault\u00bb video_bg=\u00bbuse_video\u00bb video_mp4=\u00bbhttps:\/\/www.copyrightcapital.com\/wp-content\/uploads\/2022\/09\/MDhj.mp4&#8243; background_video_loading=\u00bbdefault\u00bb scene_position=\u00bbcenter\u00bb top_padding=\u00bb4%\u00bb bottom_padding=\u00bb3%\u00bb text_color=\u00bblight\u00bb text_align=\u00bbleft\u00bb row_border_radius=\u00bbnone\u00bb row_border_radius_applies=\u00bbbg\u00bb overflow=\u00bbvisible\u00bb id=\u00bbsteps\u00bb row_name=\u00bbSign Up Steps\u00bb enable_gradient=\u00bbtrue\u00bb color_overlay=\u00bb#161cc9&#8243; color_overlay_2=\u00bb#1c60ff\u00bb overlay_strength=\u00bb0.8&#8243; gradient_direction=\u00bbtop_to_bottom\u00bb shape_divider_position=\u00bbbottom\u00bb&#8230;<\/p>\n","protected":false},"author":1,"featured_media":0,"parent":0,"menu_order":0,"comment_status":"closed","ping_status":"closed","template":"","meta":{"om_disable_all_campaigns":false,"footnotes":""},"class_list":["post-477","page","type-page","status-publish"],"aioseo_notices":[],"_links":{"self":[{"href":"https:\/\/www.copyrightcapital.com\/es\/wp-json\/wp\/v2\/pages\/477","targetHints":{"allow":["GET"]}}],"collection":[{"href":"https:\/\/www.copyrightcapital.com\/es\/wp-json\/wp\/v2\/pages"}],"about":[{"href":"https:\/\/www.copyrightcapital.com\/es\/wp-json\/wp\/v2\/types\/page"}],"author":[{"embeddable":true,"href":"https:\/\/www.copyrightcapital.com\/es\/wp-json\/wp\/v2\/users\/1"}],"replies":[{"embeddable":true,"href":"https:\/\/www.copyrightcapital.com\/es\/wp-json\/wp\/v2\/comments?post=477"}],"version-history":[{"count":19,"href":"https:\/\/www.copyrightcapital.com\/es\/wp-json\/wp\/v2\/pages\/477\/revisions"}],"predecessor-version":[{"id":1185,"href":"https:\/\/www.copyrightcapital.com\/es\/wp-json\/wp\/v2\/pages\/477\/revisions\/1185"}],"wp:attachment":[{"href":"https:\/\/www.copyrightcapital.com\/es\/wp-json\/wp\/v2\/media?parent=477"}],"curies":[{"name":"wp","href":"https:\/\/api.w.org\/{rel}","templated":true}]}}