{"id":357,"date":"2022-09-19T13:52:49","date_gmt":"2022-09-19T13:52:49","guid":{"rendered":"http:\/\/18.185.193.11\/?page_id=357"},"modified":"2025-04-09T14:03:38","modified_gmt":"2025-04-09T12:03:38","slug":"faq","status":"publish","type":"page","link":"https:\/\/www.copyrightcapital.com\/fr\/faq\/","title":{"rendered":"FAQ"},"content":{"rendered":"[vc_row type=\u00a0\u00bbfull_width_content\u00a0\u00bb full_screen_row_position=\u00a0\u00bbmiddle\u00a0\u00bb column_margin=\u00a0\u00bbdefault\u00a0\u00bb column_direction=\u00a0\u00bbdefault\u00a0\u00bb column_direction_tablet=\u00a0\u00bbdefault\u00a0\u00bb column_direction_phone=\u00a0\u00bbdefault\u00a0\u00bb scene_position=\u00a0\u00bbcenter\u00a0\u00bb text_color=\u00a0\u00bbdark\u00a0\u00bb text_align=\u00a0\u00bbleft\u00a0\u00bb row_border_radius=\u00a0\u00bb none\u00a0\u00bb row_border_radius_applies=\u00a0\u00bbbg\u00a0\u00bb overflow=\u00a0\u00bbvisible\u00a0\u00bb overlay_strength=\u00a0\u00bb0.3&Prime; gradient_direction=\u00a0\u00bbleft_to_right\u00a0\u00bb shape_divider_position=\u00a0\u00bbbottom\u00a0\u00bb bg_image_animation=\u00a0\u00bbnone\u00a0\u00bb gradient_type=\u00a0\u00bbdefault\u00a0\u00bb shape_type=\u00a0\u00bb\u00a0\u00bb][vc_column column_padding=\u00a0\u00bbno-extra -padding\u00a0\u00bb column_padding_tablet=\u00a0\u00bbh\u00e9riter\u00a0\u00bb column_padding_phone=\u00a0\u00bbh\u00e9riter\u00a0\u00bb column_padding_position=\u00a0\u00bbtous\u00a0\u00bb column_element_direction_desktop=\u00a0\u00bbpar d\u00e9faut\u00a0\u00bb column_element_spacing=\u00a0\u00bbpar d\u00e9faut\u00a0\u00bb desktop_text_alignment=\u00a0\u00bbpar d\u00e9faut\u00a0\u00bb tablet_text_alignment=\u00a0\u00bbpar d\u00e9faut\u00a0\u00bb phone_text_alignment=\u00a0\u00bbpar d\u00e9faut\u00a0\u00bb background_color_opacity=\u00a0\u00bb1&Prime; background_hover_color_opacity= \u00ab\u00a01\u00a0\u00bb column_backdrop_filter=\u00a0\u00bbnone\u00a0\u00bb column_shadow=\u00a0\u00bbnone\u00a0\u00bb column_border_radius=\u00a0\u00bbnone\u00a0\u00bb column_link_target=\u00a0\u00bb_self\u00a0\u00bb column_position=\u00a0\u00bbdefault\u00a0\u00bb gradient_direction=\u00a0\u00bbleft_to_right\u00a0\u00bb overlay_strength=\u00a0\u00bb0.3&Prime; width=\u00a0\u00bb1\/1&Prime; tablet_width_inherit=\u00a0\u00bbdefault\u00a0\u00bb animation_type=\u00a0\u00bbdefault\u00a0\u00bb bg_image_animation=\u00a0\u00bbnone\u00a0\u00bb border_type=\u00a0\u00bbsimple\u00a0\u00bb column_border_width=\u00a0\u00bbnone\u00a0\u00bb column_border_style=\u00a0\u00bbsolid\u00a0\u00bb][image_with_animation image_url=\u00a0\u00bb177&Prime; image_size=\u00a0\u00bbfull\u00a0\u00bb animation_type=\u00a0\u00bbentrance\u00a0\u00bb animation=\u00a0\u00bbAucun\u00a0\u00bb animation_movement_type= \u00ab\u00a0transform_y\u00a0\u00bb hover_animation=\u00a0\u00bbnone\u00a0\u00bbalignement=\u00a0\u00bbright\u00a0\u00bb border_radius=\u00a0\u00bbnone\u00a0\u00bb box_shadow=\u00a0\u00bbnone\u00a0\u00bb image_loading=\u00a0\u00bbdefault\u00a0\u00bb max_width=\u00a0\u00bb100%\u00a0\u00bb max_width_mobile=\u00a0\u00bb200%\u00a0\u00bb][\/vc_column][\/vc_row][vc_row type=\u00a0\u00bbfull_width_content\u00a0\u00bb full_screen_row_position=\u00a0\u00bbmiddle\u00a0\u00bb column_margin=\u00a0\u00bbdefault\u00a0\u00bb equal_height=\u00a0\u00bbyes\u00a0\u00bb content_placement=\u00a0\u00bbmiddle\u00a0\u00bb column_direction=\u00a0\u00bbdefault\u00a0\u00bb column_direction_tablet=\u00a0\u00bbdefault\u00a0\u00bb column_direction_phone=\u00a0\u00bbdefault\u00a0\u00bb bg_color=\u00a0\u00bb#ffffff\u00a0\u00bb video_bg=\u00a0\u00bb use_video\u00a0\u00bb video_webm=\u00a0\u00bbhttps:\/\/www.copyrightcapital.com\/wp-content\/uploads\/2022\/09\/faq.mp4&Prime; background_video_loading=\u00a0\u00bbdefault\u00a0\u00bb scene_position=\u00a0\u00bbcenter\u00a0\u00bb top_padding=\u00a0\u00bb5%\u00a0\u00bb bottom_padding=\u00a0\u00bb12% \u00a0\u00bb left_padding_desktop=\u00a0\u00bb25%\u00a0\u00bb constrain_group_2=\u00a0\u00bboui\u00a0\u00bb right_padding_desktop=\u00a0\u00bb25%\u00a0\u00bb left_padding_tablet=\u00a0\u00bb20%\u00a0\u00bb constrain_group_4=\u00a0\u00bboui\u00a0\u00bb right_padding_tablet=\u00a0\u00bb20%\u00a0\u00bb left_padding_phone=\u00a0\u00bb24px\u00a0\u00bb constrain_group_6=\u00a0\u00bboui\u00a0\u00bb right_padding_phone=\u00a0\u00bb24px\u00a0\u00bb text_color=\u00a0\u00bbdark\u00a0\u00bb text_align=\u00a0\u00bbleft\u00a0\u00bb row_border_radius=\u00a0\u00bbnone\u00a0\u00bb row_border_radius_applies=\u00a0\u00bbbg\u00a0\u00bb zindex=\u00a0\u00bb10&Prime; overflow=\u00a0\u00bbvisible\u00a0\u00bb enable_gradient=\u00a0\u00bbtrue\u00a0\u00bb color_overlay=\u00a0\u00bb#ffffff\u00a0\u00bb color_overlay_2=\u00a0\u00bb#ffffff\u00a0\u00bb advanced_gradient_angle=\u00a0\u00bb 0&Prime; overlay_strength=\u00a0\u00bb0.95&Prime; gradient_direction=\u00a0\u00bbleft_to_right\u00a0\u00bb shape_divider_position=\u00a0\u00bbbottom\u00a0\u00bb bg_image_animation=\u00a0\u00bbnone\u00a0\u00bb parallax_bg=\u00a0\u00bbtrue\u00a0\u00bb parallax_bg_speed=\u00a0\u00bbfast\u00a0\u00bb shape_type=\u00a0\u00bb\u00a0\u00bb gradient_type=\u00a0\u00bbdefault\u00a0\u00bb][vc_column column_padding=\u00a0\u00bbno-extra -padding\u00a0\u00bb column_padding_tablet=\u00a0\u00bbh\u00e9riter\u00a0\u00bb column_padding_phone=\u00a0\u00bbh\u00e9riter\u00a0\u00bb column_padding_position=\u00a0\u00bbright\u00a0\u00bb column_element_direction_desktop=\u00a0\u00bbpar d\u00e9faut\u00a0\u00bb column_element_spacing=\u00a0\u00bbpar d\u00e9faut\u00a0\u00bb desktop_text_alignment=\u00a0\u00bbpar d\u00e9faut\u00a0\u00bb tablet_text_alignment=\u00a0\u00bbpar d\u00e9faut\u00a0\u00bb phone_text_alignment=\u00a0\u00bbpar d\u00e9faut\u00a0\u00bb background_color_opacity=\u00a0\u00bb1&Prime; background_hover_color_opacity= \u00ab\u00a01\u00a0\u00bb column_backdrop_filter=\u00a0\u00bbnone\u00a0\u00bb column_shadow=\u00a0\u00bbnone\u00a0\u00bb column_border_radius=\u00a0\u00bbnone\u00a0\u00bb column_link_target=\u00a0\u00bb_self\u00a0\u00bb column_position=\u00a0\u00bbdefault\u00a0\u00bb advanced_gradient_angle=\u00a0\u00bb0&Prime; gradient_direction=\u00a0\u00bbleft_to_right\u00a0\u00bb overlay_strength=\u00a0\u00bb0.3&Prime; width=\u00a0\u00bb1\/1&Prime; tablet_width_inherit=\u00a0\u00bbdefault\u00a0\u00bb animation_type=\u00a0\u00bbdefault\u00a0\u00bb bg_image_animation=\u00a0\u00bbnone\u00a0\u00bb border_type=\u00a0\u00bbsimple\u00a0\u00bb column_border_width=\u00a0\u00bbnone\u00a0\u00bb column_border_style=\u00a0\u00bbsolid\u00a0\u00bb gradient_type=\u00a0\u00bbdefault\u00a0\u00bb][vc_row_inner column_margin=\u00a0\u00bbdefault\u00a0\u00bb column_direction=\u00a0\u00bbdefault\u00a0\u00bb column_direction_tablet= \u00ab\u00a0default\u00a0\u00bb column_direction_phone=\u00a0\u00bbdefault\u00a0\u00bb bottom_padding=\u00a0\u00bb2%\u00a0\u00bb text_align=\u00a0\u00bbleft\u00a0\u00bb row_position=\u00a0\u00bbdefault\u00a0\u00bb row_position_tablet=\u00a0\u00bbh\u00e9riter\u00a0\u00bb row_position_phone=\u00a0\u00bbh\u00e9riter\u00a0\u00bb overflow=\u00a0\u00bbvisible\u00a0\u00bb pointer_events=\u00a0\u00bball\u00a0\u00bb][vc_column_inner column_padding=\u00a0\u00bb no-extra-padding\u00a0\u00bb column_padding_tablet=\u00a0\u00bbh\u00e9riter\u00a0\u00bb column_padding_phone=\u00a0\u00bbh\u00e9riter\u00a0\u00bb column_padding_position=\u00a0\u00bbtout\u00a0\u00bb column_element_direction_desktop=\u00a0\u00bbpar d\u00e9faut\u00a0\u00bb column_element_spacing=\u00a0\u00bbpar d\u00e9faut\u00a0\u00bb centered_text=\u00a0\u00bbtrue\u00a0\u00bb desktop_text_alignment=\u00a0\u00bbpar d\u00e9faut\u00a0\u00bb tablet_text_alignment=\u00a0\u00bbpar d\u00e9faut\u00a0\u00bb phone_text_alignment=\u00a0\u00bbpar d\u00e9faut \u00a0\u00bb background_color_opacity=\u00a0\u00bb1&Prime; background_hover_color_opacity=\u00a0\u00bb1&Prime; column_backdrop_filter=\u00a0\u00bbnone\u00a0\u00bb column_shadow=\u00a0\u00bbnone\u00a0\u00bb column_border_radius=\u00a0\u00bbnone\u00a0\u00bb column_link_target=\u00a0\u00bb_self\u00a0\u00bb overflow=\u00a0\u00bbvisible\u00a0\u00bb advanced_gradient_angle=\u00a0\u00bb0&Prime; gradient_direction=\u00a0\u00bbleft_to_right\u00a0\u00bb overlay_strength=\u00a0\u00bb0.3 \u00a0\u00bb width=\u00a0\u00bb1\/1&Prime; tablet_width_inherit=\u00a0\u00bbdefault\u00a0\u00bb animation_type=\u00a0\u00bbdefault\u00a0\u00bb bg_image_animation=\u00a0\u00bbnone\u00a0\u00bb border_type=\u00a0\u00bbsimple\u00a0\u00bb column_border_width=\u00a0\u00bbnone\u00a0\u00bb column_border_style=\u00a0\u00bbsolid\u00a0\u00bb gradient_type=\u00a0\u00bbdefault\u00a0\u00bb][nectar_responsive_text font_size_desktop=\u00a0\u00bb3vw \u00a0\u00bb font_size_tablet=\u00a0\u00bb5vw\u00a0\u00bb font_size_phone=\u00a0\u00bb8vw\u00a0\u00bb font_line_height=\u00a0\u00bb1.1&Prime;]\n<p>Questions fr\u00e9quemment pos\u00e9es<\/p>\n[\/nectar_responsive_text][\/vc_column_inner][\/vc_row_inner][toggles style=\u00a0\u00bbminimal_shadow\u00a0\u00bb border_radius=\u00a0\u00bb20px\u00a0\u00bb][toggle color=\u00a0\u00bbDefault\u00a0\u00bb head_tag=\u00a0\u00bbh3&Prime; head_tag_functionity=\u00a0\u00bbdefault\u00a0\u00bb title=\u00a0\u00bbQuels montants \u00eates-vous pr\u00eats \u00e0 investir ?\u00a0\u00bb][nectar_responsive_text font_size_min=\u00a0\u00bb14px\u00a0\u00bb font_size_max=\u00a0\u00bb20px\u00a0\u00bb font_size_desktop=\u00a0\u00bb1.1vw\u00a0\u00bb font_line_height=\u00a0\u00bb1.6&Prime;]<span style=\"font-weight: 400;\">Nous recherchons g\u00e9n\u00e9ralement des opportunit\u00e9s allant de 50 000 \u00e0 1 million de dollars. Nous pouvons investir des montants inf\u00e9rieurs si nous sommes particuli\u00e8rement int\u00e9ress\u00e9s par un cr\u00e9ateur.<\/span>[\/nectar_responsive_text][\/toggle][toggle color=\u00a0\u00bbDefault\u00a0\u00bb head_tag=\u00a0\u00bbh3&Prime; head_tag_functionity=\u00a0\u00bbdefault\u00a0\u00bb title=\u00a0\u00bbCombien de temps cela prend-il ?\u00a0\u00bb][nectar_responsive_text font_size_min=\u00a0\u00bb14px\u00a0\u00bb font_size_max=\u00a0\u00bb20px\u00a0\u00bb font_size_desktop=\u00a0\u00bb1.1vw\u00a0\u00bb font_line_height=\u00a0\u00bb1.6&Prime;]Nous sommes tr\u00e8s r\u00e9actifs ! En g\u00e9n\u00e9ral, nous sommes capables de vous faire un premier retour dans un d\u00e9lai de 2 \u00e0 3 jours ouvrables. Pour finaliser une offre, il faut compter environ 1 semaine si les donn\u00e9es dont nous avons besoin sont disponibles et qu\u2019il n\u2019y a pas de sp\u00e9cificit\u00e9 particuli\u00e8re.[\/nectar_responsive_text][\/toggle][toggle color=\u00a0\u00bbDefault\u00a0\u00bb head_tag=\u00a0\u00bbh3&Prime; head_tag_functionality=\u00a0\u00bbdefault\u00a0\u00bb title=\u00a0\u00bbAvec qui travaillez-vous ?\u00a0\u00bb]<div class=\"nectar-fancy-ul font_size_min_14px font_size_max_20px font_size_desktop_1-1vw font_line_height_1-6\" data-list-icon=\"dot\" data-animation=\"false\" data-animation-delay=\"0\" data-spacing=\"5px\" data-alignment=\"left\"> Nous privil\u00e9gions les cr\u00e9ateurs qui sont accompagn\u00e9s par une agence, avec qui nous travaillons en \u00e9troite collaboration. Nous pouvons aussi travailler directement avec les Cr\u00e9ateurs qui ont leur propre \u00e9quipe interne et des r\u00e9f\u00e9rences solides. <\/div>[\/toggle][toggle color=\u00a0\u00bbDefault\u00a0\u00bb head_tag=\u00a0\u00bbh3&Prime; head_tag_functionity=\u00a0\u00bbdefault\u00a0\u00bb title=\u00a0\u00bbQuels sont vos crit\u00e8res de s\u00e9lection ?\u00a0\u00bb][nectar_responsive_text font_size_min=\u00a0\u00bb14px\u00a0\u00bb font_size_max=\u00a0\u00bb20px\u00a0\u00bb font_size_desktop=\u00a0\u00bb1.1vw\u00a0\u00bb font_line_height=\u00a0\u00bb1.6&Prime;]Bien que nous soyons flexibles dans notre approche, nous travaillons uniquement avec les meilleurs. Nous privil\u00e9gions les cr\u00e9ateurs qui figurent dans le top 1 % de leur plateforme et de de leur pays.[\/nectar_responsive_text][\/toggle][toggle color=\u00a0\u00bbDefault\u00a0\u00bb head_tag=\u00a0\u00bbh3&Prime; head_tag_functionity=\u00a0\u00bbdefault\u00a0\u00bb title=\u00a0\u00bbUn pays particulier ?\u00a0\u00bb][nectar_responsive_text font_size_min=\u00a0\u00bb14px\u00a0\u00bb font_size_max=\u00a0\u00bb20px\u00a0\u00bb font_size_desktop=\u00a0\u00bb 1.1vw\u00a0\u00bb font_line_height=\u00a0\u00bb1.6&Prime;]Nous sommes convaincus que tout cr\u00e9ateur talentueux devrait avoir acc\u00e8s au capital, c\u2019est pourquoi nous sommes heureux de travailler avec des cr\u00e9ateurs, quel que soit son pays.[\/nectar_responsive_text][toggle color=\u00a0\u00bbDefault\u00a0\u00bb head_tag=\u00a0\u00bbh3&Prime; head_tag_fonctionnalit\u00e9=\u00a0\u00bbdefault\u00a0\u00bb title=\u00a0\u00bbUne plate-forme particuli\u00e8re ?\u00a0\u00bb][nectar_responsive_text font_size_min=\u00a0\u00bb14px\u00a0\u00bb font_size_max=\u00a0\u00bb20px\u00a0\u00bb font_size_desktop=\u00a0\u00bb1.1vw\u00a0\u00bb font_line_height=\u00a0\u00bb1.6&Prime; ]Nous travaillons avec toutes les principales plateformes, y compris, sans s&rsquo;y limiter, YouTube, TikTok, Instagram, Facebook, Spotify, Audible et Twitch[\/nectar_responsive_text][\/toggle][toggle color=\u00a0\u00bbDefault\u00a0\u00bb head_tag=\u00a0\u00bbh3&Prime; head_tag_functionality=\u00a0\u00bbdefault \u00a0\u00bb title=\u00a0\u00bbDans quelle mesure \u00eates-vous comp\u00e9titif ?\u00a0\u00bb][nectar_responsive_text font_size_min=\u00a0\u00bb14px\u00a0\u00bb font_size_max=\u00a0\u00bb20px\u00a0\u00bb font_size_desktop=\u00a0\u00bb1.1vw\u00a0\u00bb font_line_height=\u00a0\u00bb1.6&Prime;]Bien que chaque offre soit unique, nos offres sont g\u00e9n\u00e9ralement imbattables. Nous rapportons \u00e9galement plus que de l&rsquo;argent, nous aimons nous consid\u00e9rer comme un ami fiable et un conseiller de confiance[\/nectar_responsive_text][\/toggle][toggle color=\u00a0\u00bbDefault\u00a0\u00bb head_tag=\u00a0\u00bbh3&Prime; head_tag_functionality=\u00a0\u00bbdefault\u00a0\u00bb title=\u00a0\u00bbQui a le contr\u00f4le?\u00a0\u00bb][nectar_responsive_text font_size_min=\u00a0\u00bb14px\u00a0\u00bb font_size_max=\u00a0\u00bb20px\u00a0\u00bb font_size_desktop=\u00a0\u00bb1.1vw\u00a0\u00bb font_line_height=\u00a0\u00bb1.6&Prime;]Quelle que soit notre offre, les cr\u00e9ateurs gardent le contr\u00f4le \u00e0 100 % de leur cha\u00eene. Ils gardent \u00e9galement le contr\u00f4le artistique total sur leurs cr\u00e9ations. Nous alignons nos int\u00e9r\u00eats sur ceux des cr\u00e9ateurs et parions sur leur succ\u00e8s \u00e0 long-terme[\/nectar_responsive_text][\/toggle][toggle color=\u00a0\u00bbDefault\u00a0\u00bb head_tag=\u00a0\u00bbh3&Prime; head_tag_functionality=\u00a0\u00bbdefault\u00a0\u00bb title=\u00a0\u00bbConfidentialit\u00e9 des donn\u00e9es\u00a0\u00bb ][nectar_responsive_text font_size_min=\u00a0\u00bb14px\u00a0\u00bb font_size_max=\u00a0\u00bb20px\u00a0\u00bb font_size_desktop=\u00a0\u00bb1.1vw\u00a0\u00bb font_line_height=\u00a0\u00bb1.6&Prime;]La confidentialit\u00e9 est l\u2019un des aspects les plus importants de notre m\u00e9tier. Nous signons toujours un accord de confidentialit\u00e9 (NDA) afin de garantir contractuellement que toutes les donn\u00e9es que nous recevons et tous les documents et offres que nous envoyons restent totalement confidentiels.[\/nectar_responsive_text][\/toggle][toggle color=\u00a0\u00bbDefault\u00a0\u00bb head_tag=\u00a0\u00bbh3&Prime; head_tag_functionality=\u00a0\u00bbdefault\u00a0\u00bb title=\u00a0\u00bbAcc\u00e8s aux donn\u00e9es\u00a0\u00bb][nectar_responsive_text font_size_min=\u00a0\u00bb14px\u00a0\u00bb font_size_max=\u00a0\u00bb20px\u00a0\u00bb font_size_desktop=\u00a0\u00bb1.1vw\u00a0\u00bb font_line_height=\u00a0\u00bb1.6&Prime;]Nous acc\u00e9dons \u00e0 vos donn\u00e9es via des API officielles, par exemple l\u2019API de donn\u00e9es de YouTube, o\u00f9 l\u2019acc\u00e8s est donn\u00e9 aux titulaires de licence approuv\u00e9s par la plateforme. Nous utilisons uniquement les donn\u00e9es dont nous avons besoin pour construire et valider notre offre[\/nectar_responsive_text][\/toggle][toggle color=\u00a0\u00bbDefault\u00a0\u00bb head_tag=\u00a0\u00bbh3&Prime; head_tag_functionity=\u00a0\u00bbdefault\u00a0\u00bb title=\u00a0\u00bbProtection des donn\u00e9es\u00a0\u00bb]Nous prot\u00e9geons toutes les donn\u00e9es : les v\u00f4tres et les n\u00f4tres. Nous ne stockons aucune donn\u00e9e brute, uniquement des calculs agr\u00e9g\u00e9s. Toutes les informations stock\u00e9es sont fortement prot\u00e9g\u00e9es.[\/toggle][toggle color=\u00a0\u00bbDefault\u00a0\u00bb head_tag=\u00a0\u00bbh3&Prime; head_tag_functionity=\u00a0\u00bbdefault\u00a0\u00bb title=\u00a0\u00bbDes frais cach\u00e9s ?\u00a0\u00bb][nectar_responsive_text font_size_min=\u00a0\u00bb14px\u00a0\u00bb font_size_max=\u00a0\u00bb20px\u00a0\u00bb font_size_desktop=\u00a0\u00bb1.1vw\u00a0\u00bb font_line_height=\u00a0\u00bb1.6&Prime;]Aucun[\/nectar_responsive_text][\/toggle][toggle color=\u00a0\u00bbDefault\u00a0\u00bb head_tag=\u00a0\u00bbh3&Prime; head_tag_functionality=\u00a0\u00bbdefault\u00a0\u00bb title=\u00a0\u00bbY a-t-il une limitation sur l&rsquo;utilisation du capital ?\u00a0\u00bb][nectar_responsive_text font_size_min=\u00a0\u00bb14px\u00a0\u00bb font_size_max=\u00a0\u00bb20px\u00a0\u00bb font_size_desktop=\u00a0\u00bb1.1vw\u00a0\u00bb font_line_height=\u00a0\u00bb1.6&Prime;]Nous investissons uniquement dans des soci\u00e9t\u00e9s immatricul\u00e9es. Les soci\u00e9t\u00e9s utilisent l\u2019argent comme elles le souhaitent.[\/nectar_responsive_text][\/toggle][toggle color=\u00a0\u00bbDefault\u00a0\u00bb head_tag=\u00a0\u00bbh3&Prime; head_tag_functionity=\u00a0\u00bbdefault\u00a0\u00bb title=\u00a0\u00bbComment postuler ?\u00a0\u00bb][nectar_responsive_text font_size_min=\u00a0\u00bb14px\u00a0\u00bb font_size_max= \u00ab\u00a020px\u00a0\u00bb font_size_desktop=\u00a0\u00bb1.1vw\u00a0\u00bb font_line_height=\u00a0\u00bb1.6&Prime;]Acc\u00e9dez \u00e0 la page Contact et remplissez les champs obligatoires. Dans un d\u00e9lai de deux jours ouvrables, l\u2019un de nos responsables commerciaux vous contactera ![\/nectar_responsive_text][\/toggle][\/toggles][\/vc_column][\/vc_row]\n","protected":false},"excerpt":{"rendered":"<p>[vc_row type=\u00a0\u00bbfull_width_content\u00a0\u00bb full_screen_row_position=\u00a0\u00bbmiddle\u00a0\u00bb column_margin=\u00a0\u00bbdefault\u00a0\u00bb column_direction=\u00a0\u00bbdefault\u00a0\u00bb column_direction_tablet=\u00a0\u00bbdefault\u00a0\u00bb column_direction_phone=\u00a0\u00bbdefault\u00a0\u00bb scene_position=\u00a0\u00bbcenter\u00a0\u00bb text_color=\u00a0\u00bbdark\u00a0\u00bb text_align=\u00a0\u00bbleft\u00a0\u00bb row_border_radius=\u00a0\u00bb none\u00a0\u00bb row_border_radius_applies=\u00a0\u00bbbg\u00a0\u00bb overflow=\u00a0\u00bbvisible\u00a0\u00bb overlay_strength=\u00a0\u00bb0.3&Prime; gradient_direction=\u00a0\u00bbleft_to_right\u00a0\u00bb shape_divider_position=\u00a0\u00bbbottom\u00a0\u00bb bg_image_animation=\u00a0\u00bbnone\u00a0\u00bb gradient_type=\u00a0\u00bbdefault\u00a0\u00bb shape_type=\u00a0\u00bb\u00a0\u00bb][vc_column column_padding=\u00a0\u00bbno-extra -padding\u00a0\u00bb column_padding_tablet=\u00a0\u00bbh\u00e9riter\u00a0\u00bb column_padding_phone=\u00a0\u00bbh\u00e9riter\u00a0\u00bb column_padding_position=\u00a0\u00bbtous\u00a0\u00bb column_element_direction_desktop=\u00a0\u00bbpar d\u00e9faut\u00a0\u00bb column_element_spacing=\u00a0\u00bbpar d\u00e9faut\u00a0\u00bb desktop_text_alignment=\u00a0\u00bbpar&#8230;<\/p>\n","protected":false},"author":1,"featured_media":0,"parent":0,"menu_order":0,"comment_status":"closed","ping_status":"closed","template":"","meta":{"om_disable_all_campaigns":false,"footnotes":""},"class_list":["post-357","page","type-page","status-publish"],"aioseo_notices":[],"_links":{"self":[{"href":"https:\/\/www.copyrightcapital.com\/fr\/wp-json\/wp\/v2\/pages\/357","targetHints":{"allow":["GET"]}}],"collection":[{"href":"https:\/\/www.copyrightcapital.com\/fr\/wp-json\/wp\/v2\/pages"}],"about":[{"href":"https:\/\/www.copyrightcapital.com\/fr\/wp-json\/wp\/v2\/types\/page"}],"author":[{"embeddable":true,"href":"https:\/\/www.copyrightcapital.com\/fr\/wp-json\/wp\/v2\/users\/1"}],"replies":[{"embeddable":true,"href":"https:\/\/www.copyrightcapital.com\/fr\/wp-json\/wp\/v2\/comments?post=357"}],"version-history":[{"count":17,"href":"https:\/\/www.copyrightcapital.com\/fr\/wp-json\/wp\/v2\/pages\/357\/revisions"}],"predecessor-version":[{"id":1220,"href":"https:\/\/www.copyrightcapital.com\/fr\/wp-json\/wp\/v2\/pages\/357\/revisions\/1220"}],"wp:attachment":[{"href":"https:\/\/www.copyrightcapital.com\/fr\/wp-json\/wp\/v2\/media?parent=357"}],"curies":[{"name":"wp","href":"https:\/\/api.w.org\/{rel}","templated":true}]}}